{"id":3736,"date":"2023-10-17T05:29:50","date_gmt":"2023-10-17T05:29:50","guid":{"rendered":"https:\/\/blobel-consulting.com\/services\/"},"modified":"2024-07-01T09:03:11","modified_gmt":"2024-07-01T09:03:11","slug":"services","status":"publish","type":"page","link":"https:\/\/blobel-consulting.com\/en\/services\/","title":{"rendered":"Services"},"content":{"rendered":"\t\t<div data-elementor-type=\"wp-page\" data-elementor-id=\"3736\" class=\"elementor elementor-3736 elementor-270\" data-elementor-post-type=\"page\">\n\t\t\t\t<div class=\"elementor-element elementor-element-73f28e0 e-flex e-con-boxed e-con e-parent\" data-id=\"73f28e0\" data-element_type=\"container\" data-e-type=\"container\">\n\t\t\t\t\t<div class=\"e-con-inner\">\n\t\t\t\t<div class=\"elementor-element elementor-element-6befb2e elementor-widget elementor-widget-heading\" data-id=\"6befb2e\" data-element_type=\"widget\" data-e-type=\"widget\" data-widget_type=\"heading.default\">\n\t\t\t\t\t<h2 class=\"elementor-heading-title elementor-size-default\">Performance must move.<\/h2>\t\t\t\t<\/div>\n\t\t\t\t<div class=\"elementor-element elementor-element-979c3a8 elementor-widget__width-initial elementor-widget-mobile__width-inherit elementor-widget elementor-widget-text-editor\" data-id=\"979c3a8\" data-element_type=\"widget\" data-e-type=\"widget\" data-widget_type=\"text-editor.default\">\n\t\t\t\t\t\t\t\t\t<p style=\"font-weight: 400;\">Budget becomes substance, tasks become effective solutions. And from getting to know each other you will appreciate it.  <span style=\"font-weight: 400;\">This is our definition of good work and the mindset that defines our team.  <\/span><\/p>\n\t\t\t\t\t\t\t\t<\/div>\n\t\t\t\t\t<\/div>\n\t\t\t\t<\/div>\n\t\t<div class=\"elementor-element elementor-element-2d7e1f3 e-flex e-con-boxed e-con e-parent\" data-id=\"2d7e1f3\" data-element_type=\"container\" data-e-type=\"container\">\n\t\t\t\t\t<div class=\"e-con-inner\">\n\t\t<div class=\"elementor-element elementor-element-7ea8705 e-con-full e-flex e-con e-child\" data-id=\"7ea8705\" data-element_type=\"container\" data-e-type=\"container\">\n\t\t\t\t<div class=\"elementor-element elementor-element-9dd0346 elementor-widget elementor-widget-image\" data-id=\"9dd0346\" data-element_type=\"widget\" data-e-type=\"widget\" data-widget_type=\"image.default\">\n\t\t\t\t\t\t\t\t\t\t\t\t\t\t\t<img fetchpriority=\"high\" decoding=\"async\" width=\"2048\" height=\"1365\" src=\"https:\/\/blobel-consulting.com\/wp-content\/uploads\/2023\/12\/BC_Denker-Macher-Manschaftsspieler.webp\" class=\"attachment-full size-full wp-image-3576\" alt=\"Lebhaftes Teamgespr\u00e4ch zum Thema Unternehmensberatung bei Blobel Consulting, mit zwei Herren in Diskussion, einer gestikulierend und der andere zuh\u00f6rend mit einem L\u00e4cheln, w\u00e4hrend er einen Stift h\u00e4lt; symbolisiert die kollaborative Arbeitsumgebung und das Engagement des Unternehmens f\u00fcr qualitativ hochwertige Leistungen.\" srcset=\"https:\/\/blobel-consulting.com\/wp-content\/uploads\/2023\/12\/BC_Denker-Macher-Manschaftsspieler.webp 2048w, https:\/\/blobel-consulting.com\/wp-content\/uploads\/2023\/12\/BC_Denker-Macher-Manschaftsspieler-300x200.webp 300w, https:\/\/blobel-consulting.com\/wp-content\/uploads\/2023\/12\/BC_Denker-Macher-Manschaftsspieler-1024x683.webp 1024w, https:\/\/blobel-consulting.com\/wp-content\/uploads\/2023\/12\/BC_Denker-Macher-Manschaftsspieler-768x512.webp 768w, https:\/\/blobel-consulting.com\/wp-content\/uploads\/2023\/12\/BC_Denker-Macher-Manschaftsspieler-1536x1024.webp 1536w\" sizes=\"(max-width: 2048px) 100vw, 2048px\" \/>\t\t\t\t\t\t\t\t\t\t\t\t\t\t\t<\/div>\n\t\t\t\t<\/div>\n\t\t\t\t\t<\/div>\n\t\t\t\t<\/div>\n\t\t<div class=\"elementor-element elementor-element-af1040c e-flex e-con-boxed e-con e-parent\" data-id=\"af1040c\" data-element_type=\"container\" data-e-type=\"container\">\n\t\t\t\t\t<div class=\"e-con-inner\">\n\t\t<div class=\"elementor-element elementor-element-2143b90 e-con-full e-flex e-con e-child\" data-id=\"2143b90\" data-element_type=\"container\" data-e-type=\"container\" data-settings=\"{&quot;background_background&quot;:&quot;classic&quot;}\">\n\t\t\t\t<div class=\"elementor-element elementor-element-452a5e5 elementor-position-top elementor-widget elementor-widget-image-box\" data-id=\"452a5e5\" data-element_type=\"widget\" data-e-type=\"widget\" data-widget_type=\"image-box.default\">\n\t\t\t\t\t<div class=\"elementor-image-box-wrapper\"><figure class=\"elementor-image-box-img\"><img decoding=\"async\" width=\"500\" height=\"500\" src=\"https:\/\/blobel-consulting.com\/wp-content\/uploads\/2023\/12\/26-Strategy.gif\" class=\"attachment-full size-full wp-image-1550\" alt=\"\" \/><\/figure><div class=\"elementor-image-box-content\"><h3 class=\"elementor-image-box-title\">Strategy optimization<\/h3><p class=\"elementor-image-box-description\">Achieving, securing and expanding a competitive edge through modern and sustainable business models.<\/p><\/div><\/div>\t\t\t\t<\/div>\n\t\t\t\t<div class=\"elementor-element elementor-element-a2f2656 elementor-widget elementor-widget-qi_addons_for_elementor_button\" data-id=\"a2f2656\" data-element_type=\"widget\" data-e-type=\"widget\" data-widget_type=\"qi_addons_for_elementor_button.default\">\n\t\t\t\t<div class=\"elementor-widget-container\">\n\t\t\t\t\t<a class=\"qodef-shortcode qodef-m qodef-qi-button qodef-html--link qodef-layout--filled qodef-type--standard qodef-icon--right qodef-hover--icon-move-horizontal-short\" href=\"\/strategie\/\" target=\"_self\">\n\t<span class=\"qodef-m-text\"><\/span>\n\t\t<span class=\"qodef-m-icon\">\n\t\t<span class=\"qodef-m-icon-inner\">\n\t\t\t<svg xmlns=\"http:\/\/www.w3.org\/2000\/svg\" xmlns:xlink=\"http:\/\/www.w3.org\/1999\/xlink\" id=\"Ebene_1\" x=\"0px\" y=\"0px\" viewBox=\"0 0 512 512\" style=\"enable-background:new 0 0 512 512;\" xml:space=\"preserve\"><path d=\"M426.7,256c0-8.5-3.8-15.1-10.1-18.6L292.3,113.1c-4.3-4.3-8.5-6.4-14.9-6.4s-10.7,2.1-14.9,6.4c-8.5,8.5-8.5,21.3,0,29.9 l91.7,91.7H106.7c-12.8,0-21.3,8.5-21.3,21.3c0,12.8,8.5,21.3,21.3,21.3h247.5l-91.7,91.7c-8.5,8.5-8.5,21.3,0,29.9s21.3,8.5,29.9,0 l124.3-124.3C422.9,271.1,426.7,264.5,426.7,256z\"><\/path><\/svg>\t\t\t\t\t<\/span>\n\t<\/span>\n<\/a>\n\t\t\t\t<\/div>\n\t\t\t\t<\/div>\n\t\t\t\t<\/div>\n\t\t<div class=\"elementor-element elementor-element-69a03e1 e-con-full e-flex e-con e-child\" data-id=\"69a03e1\" data-element_type=\"container\" data-e-type=\"container\" data-settings=\"{&quot;background_background&quot;:&quot;classic&quot;}\">\n\t\t\t\t<div class=\"elementor-element elementor-element-89fa2ac elementor-position-top elementor-widget elementor-widget-image-box\" data-id=\"89fa2ac\" data-element_type=\"widget\" data-e-type=\"widget\" data-widget_type=\"image-box.default\">\n\t\t\t\t\t<div class=\"elementor-image-box-wrapper\"><figure class=\"elementor-image-box-img\"><img decoding=\"async\" width=\"500\" height=\"500\" src=\"https:\/\/blobel-consulting.com\/wp-content\/uploads\/2023\/12\/9-promotions.gif\" class=\"attachment-full size-full wp-image-1554\" alt=\"\" \/><\/figure><div class=\"elementor-image-box-content\"><h3 class=\"elementor-image-box-title\">Marketing now<\/h3><p class=\"elementor-image-box-description\">Tapping, exploiting and securing market potential with Blobel Marketing Consulting and Marketing Agency.<\/p><\/div><\/div>\t\t\t\t<\/div>\n\t\t\t\t<div class=\"elementor-element elementor-element-40a7d04 elementor-widget elementor-widget-qi_addons_for_elementor_button\" data-id=\"40a7d04\" data-element_type=\"widget\" data-e-type=\"widget\" data-widget_type=\"qi_addons_for_elementor_button.default\">\n\t\t\t\t<div class=\"elementor-widget-container\">\n\t\t\t\t\t<a class=\"qodef-shortcode qodef-m qodef-qi-button qodef-html--link qodef-layout--filled qodef-type--standard qodef-icon--right qodef-hover--icon-move-horizontal-short\" href=\"\/marketing\/\" target=\"_self\">\n\t<span class=\"qodef-m-text\"><\/span>\n\t\t<span class=\"qodef-m-icon\">\n\t\t<span class=\"qodef-m-icon-inner\">\n\t\t\t<svg xmlns=\"http:\/\/www.w3.org\/2000\/svg\" xmlns:xlink=\"http:\/\/www.w3.org\/1999\/xlink\" id=\"Ebene_1\" x=\"0px\" y=\"0px\" viewBox=\"0 0 512 512\" style=\"enable-background:new 0 0 512 512;\" xml:space=\"preserve\"><path d=\"M426.7,256c0-8.5-3.8-15.1-10.1-18.6L292.3,113.1c-4.3-4.3-8.5-6.4-14.9-6.4s-10.7,2.1-14.9,6.4c-8.5,8.5-8.5,21.3,0,29.9 l91.7,91.7H106.7c-12.8,0-21.3,8.5-21.3,21.3c0,12.8,8.5,21.3,21.3,21.3h247.5l-91.7,91.7c-8.5,8.5-8.5,21.3,0,29.9s21.3,8.5,29.9,0 l124.3-124.3C422.9,271.1,426.7,264.5,426.7,256z\"><\/path><\/svg>\t\t\t\t\t<\/span>\n\t<\/span>\n<\/a>\n\t\t\t\t<\/div>\n\t\t\t\t<\/div>\n\t\t\t\t<\/div>\n\t\t<div class=\"elementor-element elementor-element-3d937de e-con-full e-flex e-con e-child\" data-id=\"3d937de\" data-element_type=\"container\" data-e-type=\"container\" data-settings=\"{&quot;background_background&quot;:&quot;classic&quot;}\">\n\t\t\t\t<div class=\"elementor-element elementor-element-51e4f51 elementor-position-top elementor-widget elementor-widget-image-box\" data-id=\"51e4f51\" data-element_type=\"widget\" data-e-type=\"widget\" data-widget_type=\"image-box.default\">\n\t\t\t\t\t<div class=\"elementor-image-box-wrapper\"><figure class=\"elementor-image-box-img\"><img loading=\"lazy\" decoding=\"async\" width=\"500\" height=\"500\" src=\"https:\/\/blobel-consulting.com\/wp-content\/uploads\/2023\/12\/01-Inheritance.gif\" class=\"attachment-full size-full wp-image-1553\" alt=\"\" \/><\/figure><div class=\"elementor-image-box-content\"><h3 class=\"elementor-image-box-title\">Sustainable sales tuning<\/h3><p class=\"elementor-image-box-description\">Experience and \"beacon\" at the relevant touchpoints of today's corporate and customer journey.<\/p><\/div><\/div>\t\t\t\t<\/div>\n\t\t\t\t<div class=\"elementor-element elementor-element-1ade33e elementor-widget elementor-widget-qi_addons_for_elementor_button\" data-id=\"1ade33e\" data-element_type=\"widget\" data-e-type=\"widget\" data-widget_type=\"qi_addons_for_elementor_button.default\">\n\t\t\t\t<div class=\"elementor-widget-container\">\n\t\t\t\t\t<a class=\"qodef-shortcode qodef-m qodef-qi-button qodef-html--link qodef-layout--filled qodef-type--standard qodef-icon--right qodef-hover--icon-move-horizontal-short\" href=\"\/vertrieb\/\" target=\"_self\">\n\t<span class=\"qodef-m-text\"><\/span>\n\t\t<span class=\"qodef-m-icon\">\n\t\t<span class=\"qodef-m-icon-inner\">\n\t\t\t<svg xmlns=\"http:\/\/www.w3.org\/2000\/svg\" xmlns:xlink=\"http:\/\/www.w3.org\/1999\/xlink\" id=\"Ebene_1\" x=\"0px\" y=\"0px\" viewBox=\"0 0 512 512\" style=\"enable-background:new 0 0 512 512;\" xml:space=\"preserve\"><path d=\"M426.7,256c0-8.5-3.8-15.1-10.1-18.6L292.3,113.1c-4.3-4.3-8.5-6.4-14.9-6.4s-10.7,2.1-14.9,6.4c-8.5,8.5-8.5,21.3,0,29.9 l91.7,91.7H106.7c-12.8,0-21.3,8.5-21.3,21.3c0,12.8,8.5,21.3,21.3,21.3h247.5l-91.7,91.7c-8.5,8.5-8.5,21.3,0,29.9s21.3,8.5,29.9,0 l124.3-124.3C422.9,271.1,426.7,264.5,426.7,256z\"><\/path><\/svg>\t\t\t\t\t<\/span>\n\t<\/span>\n<\/a>\n\t\t\t\t<\/div>\n\t\t\t\t<\/div>\n\t\t\t\t<\/div>\n\t\t\t\t\t<\/div>\n\t\t\t\t<\/div>\n\t\t<div class=\"elementor-element elementor-element-8dd765e e-flex e-con-boxed e-con e-parent\" data-id=\"8dd765e\" data-element_type=\"container\" data-e-type=\"container\">\n\t\t\t\t\t<div class=\"e-con-inner\">\n\t\t<div class=\"elementor-element elementor-element-a753780 e-con-full e-flex e-con e-child\" data-id=\"a753780\" data-element_type=\"container\" data-e-type=\"container\" data-settings=\"{&quot;background_background&quot;:&quot;classic&quot;}\">\n\t\t\t\t<div class=\"elementor-element elementor-element-c257e4a elementor-position-top elementor-widget elementor-widget-image-box\" data-id=\"c257e4a\" data-element_type=\"widget\" data-e-type=\"widget\" data-widget_type=\"image-box.default\">\n\t\t\t\t\t<div class=\"elementor-image-box-wrapper\"><figure class=\"elementor-image-box-img\"><img loading=\"lazy\" decoding=\"async\" width=\"500\" height=\"500\" src=\"https:\/\/blobel-consulting.com\/wp-content\/uploads\/2023\/12\/09-Recruitment.gif\" class=\"attachment-full size-full wp-image-1551\" alt=\"\" \/><\/figure><div class=\"elementor-image-box-content\"><h3 class=\"elementor-image-box-title\">Comprehensive employer branding<\/h3><p class=\"elementor-image-box-description\">Find, retain and motivate employees and promote the working atmosphere as an attractive employer brand.<\/p><\/div><\/div>\t\t\t\t<\/div>\n\t\t\t\t<div class=\"elementor-element elementor-element-1985ba6 elementor-widget elementor-widget-qi_addons_for_elementor_button\" data-id=\"1985ba6\" data-element_type=\"widget\" data-e-type=\"widget\" data-widget_type=\"qi_addons_for_elementor_button.default\">\n\t\t\t\t<div class=\"elementor-widget-container\">\n\t\t\t\t\t<a class=\"qodef-shortcode qodef-m qodef-qi-button qodef-html--link qodef-layout--filled qodef-type--standard qodef-icon--right qodef-hover--icon-move-horizontal-short\" href=\"\/employer-branding\/\" target=\"_self\">\n\t<span class=\"qodef-m-text\"><\/span>\n\t\t<span class=\"qodef-m-icon\">\n\t\t<span class=\"qodef-m-icon-inner\">\n\t\t\t<svg xmlns=\"http:\/\/www.w3.org\/2000\/svg\" xmlns:xlink=\"http:\/\/www.w3.org\/1999\/xlink\" id=\"Ebene_1\" x=\"0px\" y=\"0px\" viewBox=\"0 0 512 512\" style=\"enable-background:new 0 0 512 512;\" xml:space=\"preserve\"><path d=\"M426.7,256c0-8.5-3.8-15.1-10.1-18.6L292.3,113.1c-4.3-4.3-8.5-6.4-14.9-6.4s-10.7,2.1-14.9,6.4c-8.5,8.5-8.5,21.3,0,29.9 l91.7,91.7H106.7c-12.8,0-21.3,8.5-21.3,21.3c0,12.8,8.5,21.3,21.3,21.3h247.5l-91.7,91.7c-8.5,8.5-8.5,21.3,0,29.9s21.3,8.5,29.9,0 l124.3-124.3C422.9,271.1,426.7,264.5,426.7,256z\"><\/path><\/svg>\t\t\t\t\t<\/span>\n\t<\/span>\n<\/a>\n\t\t\t\t<\/div>\n\t\t\t\t<\/div>\n\t\t\t\t<\/div>\n\t\t<div class=\"elementor-element elementor-element-e99612b e-con-full e-flex e-con e-child\" data-id=\"e99612b\" data-element_type=\"container\" data-e-type=\"container\" data-settings=\"{&quot;background_background&quot;:&quot;classic&quot;}\">\n\t\t\t\t<div class=\"elementor-element elementor-element-586b654 elementor-position-top elementor-widget elementor-widget-image-box\" data-id=\"586b654\" data-element_type=\"widget\" data-e-type=\"widget\" data-widget_type=\"image-box.default\">\n\t\t\t\t\t<div class=\"elementor-image-box-wrapper\"><figure class=\"elementor-image-box-img\"><img loading=\"lazy\" decoding=\"async\" width=\"500\" height=\"500\" src=\"https:\/\/blobel-consulting.com\/wp-content\/uploads\/2023\/12\/16-Money.gif\" class=\"attachment-full size-full wp-image-1592\" alt=\"\" \/><\/figure><div class=\"elementor-image-box-content\"><h3 class=\"elementor-image-box-title\">Fundraising management<\/h3><p class=\"elementor-image-box-description\">Comprehensive fundraising strategies, donor scouting and implementation support for non-profit organizations.  <\/p><\/div><\/div>\t\t\t\t<\/div>\n\t\t\t\t<div class=\"elementor-element elementor-element-54ae312 elementor-widget elementor-widget-qi_addons_for_elementor_button\" data-id=\"54ae312\" data-element_type=\"widget\" data-e-type=\"widget\" data-widget_type=\"qi_addons_for_elementor_button.default\">\n\t\t\t\t<div class=\"elementor-widget-container\">\n\t\t\t\t\t<a class=\"qodef-shortcode qodef-m qodef-qi-button qodef-html--link qodef-layout--filled qodef-type--standard qodef-icon--right qodef-hover--icon-move-horizontal-short\" href=\"\/fundraising-management\/\" target=\"_self\">\n\t<span class=\"qodef-m-text\"><\/span>\n\t\t<span class=\"qodef-m-icon\">\n\t\t<span class=\"qodef-m-icon-inner\">\n\t\t\t<svg xmlns=\"http:\/\/www.w3.org\/2000\/svg\" xmlns:xlink=\"http:\/\/www.w3.org\/1999\/xlink\" id=\"Ebene_1\" x=\"0px\" y=\"0px\" viewBox=\"0 0 512 512\" style=\"enable-background:new 0 0 512 512;\" xml:space=\"preserve\"><path d=\"M426.7,256c0-8.5-3.8-15.1-10.1-18.6L292.3,113.1c-4.3-4.3-8.5-6.4-14.9-6.4s-10.7,2.1-14.9,6.4c-8.5,8.5-8.5,21.3,0,29.9 l91.7,91.7H106.7c-12.8,0-21.3,8.5-21.3,21.3c0,12.8,8.5,21.3,21.3,21.3h247.5l-91.7,91.7c-8.5,8.5-8.5,21.3,0,29.9s21.3,8.5,29.9,0 l124.3-124.3C422.9,271.1,426.7,264.5,426.7,256z\"><\/path><\/svg>\t\t\t\t\t<\/span>\n\t<\/span>\n<\/a>\n\t\t\t\t<\/div>\n\t\t\t\t<\/div>\n\t\t\t\t<\/div>\n\t\t<div class=\"elementor-element elementor-element-2cd66e2 e-con-full e-flex e-con e-child\" data-id=\"2cd66e2\" data-element_type=\"container\" data-e-type=\"container\" data-settings=\"{&quot;background_background&quot;:&quot;classic&quot;}\">\n\t\t\t\t<div class=\"elementor-element elementor-element-786b884 elementor-position-top elementor-widget elementor-widget-image-box\" data-id=\"786b884\" data-element_type=\"widget\" data-e-type=\"widget\" data-widget_type=\"image-box.default\">\n\t\t\t\t\t<div class=\"elementor-image-box-wrapper\"><figure class=\"elementor-image-box-img\"><img loading=\"lazy\" decoding=\"async\" width=\"500\" height=\"500\" src=\"https:\/\/blobel-consulting.com\/wp-content\/uploads\/2023\/12\/24-distribution.gif\" class=\"attachment-full size-full wp-image-1555\" alt=\"\" \/><\/figure><div class=\"elementor-image-box-content\"><h3 class=\"elementor-image-box-title\">Full sponsoring service<\/h3><p class=\"elementor-image-box-description\">More awareness and sympathy through your name in a suitable, positive spotlight.<\/p><\/div><\/div>\t\t\t\t<\/div>\n\t\t\t\t<div class=\"elementor-element elementor-element-6329808 elementor-widget elementor-widget-qi_addons_for_elementor_button\" data-id=\"6329808\" data-element_type=\"widget\" data-e-type=\"widget\" data-widget_type=\"qi_addons_for_elementor_button.default\">\n\t\t\t\t<div class=\"elementor-widget-container\">\n\t\t\t\t\t<a class=\"qodef-shortcode qodef-m qodef-qi-button qodef-html--link qodef-layout--filled qodef-type--standard qodef-icon--right qodef-hover--icon-move-horizontal-short\" href=\"\/sponsoring-fullservice\/\" target=\"_self\">\n\t<span class=\"qodef-m-text\"><\/span>\n\t\t<span class=\"qodef-m-icon\">\n\t\t<span class=\"qodef-m-icon-inner\">\n\t\t\t<svg xmlns=\"http:\/\/www.w3.org\/2000\/svg\" xmlns:xlink=\"http:\/\/www.w3.org\/1999\/xlink\" id=\"Ebene_1\" x=\"0px\" y=\"0px\" viewBox=\"0 0 512 512\" style=\"enable-background:new 0 0 512 512;\" xml:space=\"preserve\"><path d=\"M426.7,256c0-8.5-3.8-15.1-10.1-18.6L292.3,113.1c-4.3-4.3-8.5-6.4-14.9-6.4s-10.7,2.1-14.9,6.4c-8.5,8.5-8.5,21.3,0,29.9 l91.7,91.7H106.7c-12.8,0-21.3,8.5-21.3,21.3c0,12.8,8.5,21.3,21.3,21.3h247.5l-91.7,91.7c-8.5,8.5-8.5,21.3,0,29.9s21.3,8.5,29.9,0 l124.3-124.3C422.9,271.1,426.7,264.5,426.7,256z\"><\/path><\/svg>\t\t\t\t\t<\/span>\n\t<\/span>\n<\/a>\n\t\t\t\t<\/div>\n\t\t\t\t<\/div>\n\t\t\t\t<\/div>\n\t\t\t\t\t<\/div>\n\t\t\t\t<\/div>\n\t\t\t\t<\/div>\n\t\t","protected":false},"excerpt":{"rendered":"<p>Performance must move. Budget becomes substance, tasks become effective solutions. And from getting to know each other you will appreciate it. This is our definition of good work and the mindset that defines our team. Strategy optimization Achieving, securing and expanding a competitive edge through modern and sustainable business models. Marketing now Tapping, exploiting and [&hellip;]<\/p>\n","protected":false},"author":1,"featured_media":0,"parent":0,"menu_order":0,"comment_status":"closed","ping_status":"closed","template":"elementor_header_footer","meta":{"footnotes":""},"class_list":["post-3736","page","type-page","status-publish","hentry"],"_links":{"self":[{"href":"https:\/\/blobel-consulting.com\/en\/wp-json\/wp\/v2\/pages\/3736","targetHints":{"allow":["GET"]}}],"collection":[{"href":"https:\/\/blobel-consulting.com\/en\/wp-json\/wp\/v2\/pages"}],"about":[{"href":"https:\/\/blobel-consulting.com\/en\/wp-json\/wp\/v2\/types\/page"}],"author":[{"embeddable":true,"href":"https:\/\/blobel-consulting.com\/en\/wp-json\/wp\/v2\/users\/1"}],"replies":[{"embeddable":true,"href":"https:\/\/blobel-consulting.com\/en\/wp-json\/wp\/v2\/comments?post=3736"}],"version-history":[{"count":0,"href":"https:\/\/blobel-consulting.com\/en\/wp-json\/wp\/v2\/pages\/3736\/revisions"}],"wp:attachment":[{"href":"https:\/\/blobel-consulting.com\/en\/wp-json\/wp\/v2\/media?parent=3736"}],"curies":[{"name":"wp","href":"https:\/\/api.w.org\/{rel}","templated":true}]}}